{"id":8,"date":"2012-05-12T18:24:39","date_gmt":"2012-05-12T18:24:39","guid":{"rendered":"http:\/\/jens-fleck.de\/wordpress\/?page_id=8"},"modified":"2018-07-07T13:25:07","modified_gmt":"2018-07-07T13:25:07","slug":"impressum","status":"publish","type":"page","link":"https:\/\/jens-fleck.de\/wordpress\/impressum\/","title":{"rendered":"Impressum"},"content":{"rendered":"<div id=\"id1\">\n<div>\n<div>\n<p><strong><span style=\"font-size: 1.285714286rem;\">Wer ich bin<\/span><\/strong><\/p>\n<\/div>\n<\/div>\n<\/div>\n<div>\n<p>Die Adresse meiner Website ist: https:\/\/jens-fleck.de\/wordpress.<\/p>\n<\/div>\n<p>Anbieter:<\/p>\n<p>Jens Fleck<\/p>\n<p>Am Alten Birnbaum 17<\/p>\n<p>65719 Hofheim am Taunus<\/p>\n<p>Kontakt:<\/p>\n<p>E-Mail: post [@] jens-fleck [.] de<\/p>\n<div>\n<h2>Welche personenbezogenen Daten ich sammeln und warum ich sie sammeln<\/h2>\n<h3>Kommentare<\/h3>\n<p>Wenn Besucher Kommentare auf der Website schreiben, sammele ich die Daten, die im Kommentar-Formular angezeigt werden, au\u00dferdem die IP-Adresse des Besuchers und den User-Agent-String (damit wird der Browser identifiziert), um die Erkennung von Spam zu unterst\u00fctzen.<\/p>\n<p>Aus deiner E-Mail-Adresse kann eine anonymisierte Zeichenfolge erstellt (auch Hash genannt) und dem Gravatar-Dienst \u00fcbergeben werden, um zu pr\u00fcfen, ob du diesen benutzt. Die Datenschutzerkl\u00e4rung des Gravatar-Dienstes findest du hier: https:\/\/automattic.com\/privacy\/. Nachdem dein Kommentar freigegeben wurde, ist dein Profilbild \u00f6ffentlich im Kontext deines Kommentars sichtbar.<\/p>\n<h3>Medien<\/h3>\n<p>Wenn du ein registrierter Benutzer bist und Fotos auf diese Website l\u00e4dst, solltest du vermeiden, Fotos mit einem EXIF-GPS-Standort hochzuladen. Besucher dieser Website k\u00f6nnten Fotos, die auf dieser Website gespeichert sind, herunterladen und deren Standort-Informationen extrahieren.<\/p>\n<h3>Kontaktformulare<\/h3>\n<p>Ich nutze kein Kontaktformular. Die M\u00f6glichkeit des Kontaktes besteht \u00fcber post@jens-fleck.de. eMails werden bei mir auf dem Server gespeichert und nach einer Zeit auf meinen Mac verschoben.<\/p>\n<h3>Cookies<\/h3>\n<p>Wenn du einen Kommentar auf meiner Website schreibst, kann das eine Einwilligung sein, deinen Namen, E-Mail-Adresse und Website in Cookies zu speichern. Dies ist eine Komfortfunktion, damit du nicht, wenn du einen weiteren Kommentar schreibst, all diese Daten erneut eingeben musst. Diese Cookies werden ein Jahr lang gespeichert.<\/p>\n<p>Falls du ein Konto hast und dich auf dieser Website anmeldest, werden wir ein tempor\u00e4res Cookie setzen, um festzustellen, ob dein Browser Cookies akzeptiert. Dieses Cookie enth\u00e4lt keine personenbezogenen Daten und wird verworfen, wenn du deinen Browser schlie\u00dft.<\/p>\n<p>Wenn du dich anmeldest, werden wir einige Cookies einrichten, um deine Anmeldeinformationen und Anzeigeoptionen zu speichern. Anmelde-Cookies verfallen nach zwei Tagen und Cookies f\u00fcr die Anzeigeoptionen nach einem Jahr. Falls du bei der Anmeldung \u201eAngemeldet bleiben\u201c ausw\u00e4hlst, wird deine Anmeldung zwei Wochen lang aufrechterhalten. Mit der Abmeldung aus deinem Konto werden die Anmelde-Cookies gel\u00f6scht.<\/p>\n<p>Wenn du einen Artikel bearbeitest oder ver\u00f6ffentlichst, wird ein zus\u00e4tzlicher Cookie in deinem Browser gespeichert. Dieser Cookie enth\u00e4lt keine personenbezogenen Daten und verweist nur auf die Beitrags-ID des Artikels, den du gerade bearbeitet hast. Der Cookie verf\u00e4llt nach einem Tag.<\/p>\n<h3>Eingebettete Inhalte von anderen Websites<\/h3>\n<p>Beitr\u00e4ge auf dieser Website k\u00f6nnen eingebettete Inhalte beinhalten (z.\u00a0B. Videos, Bilder, Beitr\u00e4ge etc.). Eingebettete Inhalte von anderen Websites verhalten sich exakt so, als ob der Besucher die andere Website besucht h\u00e4tte.<\/p>\n<p>Diese Websites k\u00f6nnen Daten \u00fcber dich sammeln, Cookies benutzen, zus\u00e4tzliche Tracking-Dienste von Dritten einbetten und deine Interaktion mit diesem eingebetteten Inhalt aufzeichnen, inklusive deiner Interaktion mit dem eingebetteten Inhalt, falls du ein Konto hast und auf dieser Website angemeldet bist.<\/p>\n<h3>Analysedienste<\/h3>\n<p>Ich nutzte den Plugin Jetpack f\u00fcr die Statistik meiner Webseite. Hier wird aufgezeichnet wie oft bestimmte Seiten (Startseite, &#8220;\u00a0\u00dcber mich&#8220; usw.) besucht wird, wie der Besucher auf meine Seite gefunden hat (Google, Facebook usw.) und anhand der IP in welchem Land er sitzt. Des Weiteren erhalte ich auch Information mit welchen Google-Suchbegriffen meine Webseite gefunden und besucht wurde. Das sind f\u00fcr mich nur statistische Werte, um die Anbindung an die verschieden Plattformen zu verbessern und zu wissen welche davon am relevantesten f\u00fcr den Besuch meiner Webseite sind.<\/p>\n<h2>Mit wem wir deine Daten teilen<\/h2>\n<p>Standardm\u00e4\u00dfig teilt WordPress keinerlei personenbezogene Daten mit Dritten.<\/p>\n<h2>Wie lange wir deine Daten speichern<\/h2>\n<p>Wenn du einen Kommentar schreibst, wird dieser inklusive Metadaten zeitlich unbegrenzt gespeichert. Auf diese Art k\u00f6nnen wir Folgekommentare automatisch erkennen und freigeben, anstelle sie in einer Moderations-Warteschlange festzuhalten.<\/p>\n<p>F\u00fcr Benutzer, die sich auf unserer Website registrieren, speichern wir zus\u00e4tzlich die pers\u00f6nlichen Informationen, die sie in ihren Benutzerprofilen angeben. Alle Benutzer k\u00f6nnen jederzeit ihre pers\u00f6nlichen Informationen einsehen, ver\u00e4ndern oder l\u00f6schen (der Benutzername kann nicht ver\u00e4ndert werden). Administratoren der Website k\u00f6nnen diese Informationen ebenfalls einsehen und ver\u00e4ndern.<\/p>\n<h2>Welche Rechte du an deinen Daten hast<\/h2>\n<p>Wenn du ein Konto auf dieser Website besitzt oder Kommentare geschrieben hast, kannst du einen Export deiner personenbezogenen Daten bei uns anfordern, inklusive aller Daten, die du uns mitgeteilt hast. Dar\u00fcber hinaus kannst du die L\u00f6schung aller personenbezogenen Daten, die wir von dir gespeichert haben, anfordern. Dies umfasst nicht die Daten, die wir aufgrund administrativer, rechtlicher oder sicherheitsrelevanter Notwendigkeiten aufbewahren m\u00fcssen.<\/p>\n<h2>Wohin wir deine Daten senden<\/h2>\n<p>Besucher-Kommentare k\u00f6nnten von einem automatisierten Dienst zur Spam-Erkennung untersucht werden.<\/p>\n<h2>Deine Kontakt-Informationen<\/h2>\n<p>Sollten Fragen zum Datenschutz meiner Webseite bestehen, dann kann man mich unter post@jens-fleck.de erreichen. Auch Anregungen nehme ich gerne an.<\/p>\n<\/div>\n","protected":false},"excerpt":{"rendered":"<p>Wer ich bin Die Adresse meiner Website ist: https:\/\/jens-fleck.de\/wordpress. Anbieter: Jens Fleck Am Alten Birnbaum 17 65719 Hofheim am Taunus Kontakt: E-Mail: post [@] jens-fleck [.] de Welche personenbezogenen Daten ich sammeln und warum ich sie sammeln Kommentare Wenn Besucher Kommentare auf der Website schreiben, sammele ich die Daten, die im Kommentar-Formular angezeigt werden, au\u00dferdem [&hellip;]<\/p>\n","protected":false},"author":1,"featured_media":0,"parent":0,"menu_order":2,"comment_status":"closed","ping_status":"closed","template":"","meta":{"jetpack_post_was_ever_published":false,"footnotes":""},"jetpack_shortlink":"https:\/\/wp.me\/P2qBeK-8","jetpack_sharing_enabled":true,"_links":{"self":[{"href":"https:\/\/jens-fleck.de\/wordpress\/wp-json\/wp\/v2\/pages\/8"}],"collection":[{"href":"https:\/\/jens-fleck.de\/wordpress\/wp-json\/wp\/v2\/pages"}],"about":[{"href":"https:\/\/jens-fleck.de\/wordpress\/wp-json\/wp\/v2\/types\/page"}],"author":[{"embeddable":true,"href":"https:\/\/jens-fleck.de\/wordpress\/wp-json\/wp\/v2\/users\/1"}],"replies":[{"embeddable":true,"href":"https:\/\/jens-fleck.de\/wordpress\/wp-json\/wp\/v2\/comments?post=8"}],"version-history":[{"count":11,"href":"https:\/\/jens-fleck.de\/wordpress\/wp-json\/wp\/v2\/pages\/8\/revisions"}],"predecessor-version":[{"id":173,"href":"https:\/\/jens-fleck.de\/wordpress\/wp-json\/wp\/v2\/pages\/8\/revisions\/173"}],"wp:attachment":[{"href":"https:\/\/jens-fleck.de\/wordpress\/wp-json\/wp\/v2\/media?parent=8"}],"curies":[{"name":"wp","href":"https:\/\/api.w.org\/{rel}","templated":true}]}}