{"id":34,"date":"2013-08-16T10:02:47","date_gmt":"2013-08-16T10:02:47","guid":{"rendered":"http:\/\/jens-fleck.de\/wordpress\/?page_id=34"},"modified":"2022-02-12T10:49:30","modified_gmt":"2022-02-12T10:49:30","slug":"ueber-mich","status":"publish","type":"page","link":"https:\/\/jens-fleck.de\/wordpress\/ueber-mich\/","title":{"rendered":"\u00dcber mich"},"content":{"rendered":"<p><a href=\"https:\/\/jens-fleck.de\/wordpress\/wp-content\/uploads\/2018\/07\/42301099621_0c969ff3ba_o.jpg\"><img loading=\"lazy\" decoding=\"async\" class=\"alignleft size-medium wp-image-157\" src=\"https:\/\/jens-fleck.de\/wordpress\/wp-content\/uploads\/2018\/07\/42301099621_0c969ff3ba_o-300x200.jpg\" alt=\"\" width=\"300\" height=\"200\" srcset=\"https:\/\/jens-fleck.de\/wp-content\/uploads\/2018\/07\/42301099621_0c969ff3ba_o-300x200.jpg 300w, https:\/\/jens-fleck.de\/wp-content\/uploads\/2018\/07\/42301099621_0c969ff3ba_o-768x512.jpg 768w, https:\/\/jens-fleck.de\/wp-content\/uploads\/2018\/07\/42301099621_0c969ff3ba_o-1024x683.jpg 1024w, https:\/\/jens-fleck.de\/wp-content\/uploads\/2018\/07\/42301099621_0c969ff3ba_o-624x416.jpg 624w\" sizes=\"(max-width: 300px) 100vw, 300px\" \/><\/a>Ich bin im M\u00e4rz 1986 in der Kernstadt von Hofheim geboren worden und lebe seit dem hier.<\/p>\n<p>Auch meinen schulischen Werdegang habe ich in Hofheim absolviert, au\u00dfer die Oberstufe und die Berufsschule.<\/p>\n<p>Meine Berufsausbildung zum Bankkaufmann absolvierte ich bei einer regionalen Volksbank, au\u00dferdem habe ich bei der Frankfurt School \u00a0zum Bankfachwirt studiert.<\/p>\n<p><a href=\"https:\/\/jens-fleck.de\/wordpress\/wp-content\/uploads\/2018\/07\/IMG_7846.jpg\"><img loading=\"lazy\" decoding=\"async\" class=\"alignright size-medium wp-image-174\" src=\"https:\/\/jens-fleck.de\/wordpress\/wp-content\/uploads\/2018\/07\/IMG_7846-300x300.jpg\" alt=\"\" width=\"300\" height=\"300\" srcset=\"https:\/\/jens-fleck.de\/wp-content\/uploads\/2018\/07\/IMG_7846-300x300.jpg 300w, https:\/\/jens-fleck.de\/wp-content\/uploads\/2018\/07\/IMG_7846-150x150.jpg 150w, https:\/\/jens-fleck.de\/wp-content\/uploads\/2018\/07\/IMG_7846-768x766.jpg 768w, https:\/\/jens-fleck.de\/wp-content\/uploads\/2018\/07\/IMG_7846-1024x1021.jpg 1024w, https:\/\/jens-fleck.de\/wp-content\/uploads\/2018\/07\/IMG_7846-624x622.jpg 624w, https:\/\/jens-fleck.de\/wp-content\/uploads\/2018\/07\/IMG_7846.jpg 1125w\" sizes=\"(max-width: 300px) 100vw, 300px\" \/><\/a>Mitte 2005 bin ich in die Junge Union und CDU eingetreten. Dort bin ich seitdem in verschieden Funktionen t\u00e4tig bzw. gewesen. Besonders sch\u00f6ne T\u00e4tigkeiten waren der Stadtverbandsvorsitz der JU in Hofheim, als Kreis-, und Bezirksvorsitzender und meine 8 Jahre im Landesvorstand der JU Hessen.<\/p>\n<p>Von August 2013 bis M\u00e4rz 2016 durfte \u00a0ich Mitglied der Stadtverordnetenversammlung meiner Kreisstadt sein. Ab Ende 2014 auch stellv. Ausschussvorsitzender des Ausschusses f\u00fcr Jugend, Sport, Kultur und Soziales.<\/p>\n<p>Seit dem 22.04.2020 bin ich ehrenamtlicher Stadtrat in Hofheim<\/p>\n<p>Meine Hobbies sind auf Grund der Arbeit und der Politik etwas begrenzt. Mein z. Zt. gr\u00f6\u00dftes Hobby ist ein weiteres berufsbegleitendes Studium. Ansonsten bin ich begeisterter Hobby-ITler und begeisterter Apple-Nutzer.<\/p>\n<p>Fotos: Frederic Schneider, Junge Union Hessen<\/p>\n","protected":false},"excerpt":{"rendered":"<p>Ich bin im M\u00e4rz 1986 in der Kernstadt von Hofheim geboren worden und lebe seit dem hier. Auch meinen schulischen Werdegang habe ich in Hofheim absolviert, au\u00dfer die Oberstufe und die Berufsschule. Meine Berufsausbildung zum Bankkaufmann absolvierte ich bei einer regionalen Volksbank, au\u00dferdem habe ich bei der Frankfurt School \u00a0zum Bankfachwirt studiert. Mitte 2005 bin [&hellip;]<\/p>\n","protected":false},"author":1,"featured_media":0,"parent":0,"menu_order":0,"comment_status":"closed","ping_status":"closed","template":"","meta":{"jetpack_post_was_ever_published":false,"footnotes":""},"jetpack_shortlink":"https:\/\/wp.me\/P2qBeK-y","jetpack_sharing_enabled":false,"_links":{"self":[{"href":"https:\/\/jens-fleck.de\/wordpress\/wp-json\/wp\/v2\/pages\/34"}],"collection":[{"href":"https:\/\/jens-fleck.de\/wordpress\/wp-json\/wp\/v2\/pages"}],"about":[{"href":"https:\/\/jens-fleck.de\/wordpress\/wp-json\/wp\/v2\/types\/page"}],"author":[{"embeddable":true,"href":"https:\/\/jens-fleck.de\/wordpress\/wp-json\/wp\/v2\/users\/1"}],"replies":[{"embeddable":true,"href":"https:\/\/jens-fleck.de\/wordpress\/wp-json\/wp\/v2\/comments?post=34"}],"version-history":[{"count":22,"href":"https:\/\/jens-fleck.de\/wordpress\/wp-json\/wp\/v2\/pages\/34\/revisions"}],"predecessor-version":[{"id":388,"href":"https:\/\/jens-fleck.de\/wordpress\/wp-json\/wp\/v2\/pages\/34\/revisions\/388"}],"wp:attachment":[{"href":"https:\/\/jens-fleck.de\/wordpress\/wp-json\/wp\/v2\/media?parent=34"}],"curies":[{"name":"wp","href":"https:\/\/api.w.org\/{rel}","templated":true}]}}