{"id":176,"date":"2020-05-23T10:48:39","date_gmt":"2020-05-23T10:48:39","guid":{"rendered":"https:\/\/jens-fleck.de\/wordpress\/?page_id=176"},"modified":"2024-06-10T19:54:19","modified_gmt":"2024-06-10T17:54:19","slug":"erwaehnungen-in-presse-und-beitraegen","status":"publish","type":"page","link":"https:\/\/jens-fleck.de\/wordpress\/ueber-mich\/erwaehnungen-in-presse-und-beitraegen\/","title":{"rendered":"Erw\u00e4hnungen in Presse und Beitr\u00e4gen"},"content":{"rendered":"<p>Hier finden Sie einige Presse Artikeln und weitere Beitr\u00e4ge \u00fcber mich oder mit Erw\u00e4hnung ab 2016:<\/p>\n<p class=\"id-StoryElement-headline\"><a href=\"https:\/\/www.fr.de\/rhein-main\/main-taunus-kreis\/hofheim-ort74520\/jens-fleck-pflegt-den-teamgeist-92676681.html\">Jens Fleck pflegt den Teamgeist vom 15.11.2023<\/a><\/p>\n<p class=\"id-StoryElement-headline\"><a href=\"https:\/\/www.fr.de\/rhein-main\/main-taunus-kreis\/hofheim-ort74520\/jens-fleck-ist-neuer-chef-der-cdu-92656432.html\">Jens Fleck ist neuer Chef der CDU vom <span class=\"id-Story-timestamp-content\"><time datetime=\"2023-11-05 18:21\">05.11.2023<\/time><\/span><\/a><\/p>\n<p><a href=\"https:\/\/podcasts.apple.com\/de\/podcast\/hofheim-aktuell\/id1508303714?i=1000475455788\">&#8222;Pl\u00f6tzlich Stadtrat-Folge 8&#8220;, Hofheim aktuell Podcast vom 23.05.2020<\/a><\/p>\n<p><a href=\"https:\/\/www.fnp.de\/lokales\/main-taunus\/hofheim-ort74520\/hofheim-stadtrat-flecks-ungewoehnliche-amtseinfuehrung-13751945.html\">Hofheim: Stadtrat Flecks ungew\u00f6hnliche Amtseinf\u00fchrung, H\u00f6chster Kreisblatt vom 06.05.2020<\/a><\/p>\n<p style=\"text-align: left;\"><a href=\"https:\/\/hallespektrum.de\/nachrichten\/politik\/junge-union-und-ueber-1-500-haustueren\/297156\/\">&#8222;Junge Union und \u00fcber 1.500 Haust\u00fcren&#8220;, Halle Spektrum vom 05.09.2017<\/a><\/p>\n<p style=\"text-align: left;\"><a href=\"http:\/\/www.lauterbacher-anzeiger.de\/lokales\/lauterbach\/50-jahre-junge-union-im-vogelsberg_17871597.htm#\">&#8222;50 Jahre Junge Union im Vogelsberg&#8220;, Lauterbacher Anzeiger vom 07.05.2017<\/a><\/p>\n<p style=\"text-align: left;\"><a href=\"http:\/\/www.kreisblatt.de\/lokales\/main-taunus-kreis\/Es-wurde-munter-kumuliert;art676,1897012\"><span class=\"ArtikelTitel\">&#8222;Es wurde munter kumuliert&#8220;, H\u00f6chster Kreisblatt vom 09.03.2016<\/span><\/a><\/p>\n\n\n<p>Sollten Links nicht mehr funktionieren, dann wurde die Artikel inzwischen entfernt. Diese werden von Zeit zu Zeit dann hier entfernt.<\/p>\n","protected":false},"excerpt":{"rendered":"<p>Hier finden Sie einige Presse Artikeln und weitere Beitr\u00e4ge \u00fcber mich oder mit Erw\u00e4hnung ab 2016: Jens Fleck pflegt den Teamgeist vom 15.11.2023 Jens Fleck ist neuer Chef der CDU vom 05.11.2023 &#8222;Pl\u00f6tzlich Stadtrat-Folge 8&#8220;, Hofheim aktuell Podcast vom 23.05.2020 Hofheim: Stadtrat Flecks ungew\u00f6hnliche Amtseinf\u00fchrung, H\u00f6chster Kreisblatt vom 06.05.2020 &#8222;Junge Union und \u00fcber 1.500 Haust\u00fcren&#8220;, [&hellip;]<\/p>\n","protected":false},"author":1,"featured_media":0,"parent":34,"menu_order":0,"comment_status":"closed","ping_status":"closed","template":"","meta":{"jetpack_post_was_ever_published":false,"footnotes":""},"jetpack_shortlink":"https:\/\/wp.me\/P2qBeK-2Q","jetpack_sharing_enabled":true,"_links":{"self":[{"href":"https:\/\/jens-fleck.de\/wordpress\/wp-json\/wp\/v2\/pages\/176"}],"collection":[{"href":"https:\/\/jens-fleck.de\/wordpress\/wp-json\/wp\/v2\/pages"}],"about":[{"href":"https:\/\/jens-fleck.de\/wordpress\/wp-json\/wp\/v2\/types\/page"}],"author":[{"embeddable":true,"href":"https:\/\/jens-fleck.de\/wordpress\/wp-json\/wp\/v2\/users\/1"}],"replies":[{"embeddable":true,"href":"https:\/\/jens-fleck.de\/wordpress\/wp-json\/wp\/v2\/comments?post=176"}],"version-history":[{"count":11,"href":"https:\/\/jens-fleck.de\/wordpress\/wp-json\/wp\/v2\/pages\/176\/revisions"}],"predecessor-version":[{"id":19046,"href":"https:\/\/jens-fleck.de\/wordpress\/wp-json\/wp\/v2\/pages\/176\/revisions\/19046"}],"up":[{"embeddable":true,"href":"https:\/\/jens-fleck.de\/wordpress\/wp-json\/wp\/v2\/pages\/34"}],"wp:attachment":[{"href":"https:\/\/jens-fleck.de\/wordpress\/wp-json\/wp\/v2\/media?parent=176"}],"curies":[{"name":"wp","href":"https:\/\/api.w.org\/{rel}","templated":true}]}}